{"id":688,"date":"2023-08-09T21:12:35","date_gmt":"2023-08-09T21:12:35","guid":{"rendered":"https:\/\/web.rkinformatika.net\/ur\/?page_id=688"},"modified":"2023-08-10T15:35:10","modified_gmt":"2023-08-10T15:35:10","slug":"certificado-de-eficiencia-energetica","status":"publish","type":"page","link":"https:\/\/grupourdaibai.com\/eu\/certificado-de-eficiencia-energetica\/","title":{"rendered":"ENERGIA-ERAGINKORTASUNAREN ZIURTAGIRIA"},"content":{"rendered":"<div data-elementor-type=\"wp-page\" data-elementor-id=\"688\" class=\"elementor elementor-688\" data-elementor-post-type=\"page\">\n\t\t\t\t\t\t<section class=\"elementor-section elementor-top-section elementor-element elementor-element-288bb9f elementor-section-boxed elementor-section-height-default elementor-section-height-default elementor-invisible\" data-id=\"288bb9f\" data-element_type=\"section\" data-e-type=\"section\" data-settings=\"{&quot;background_background&quot;:&quot;classic&quot;,&quot;animation&quot;:&quot;fadeIn&quot;}\">\n\t\t\t\t\t\t\t<div class=\"elementor-background-overlay\"><\/div>\n\t\t\t\t\t\t\t<div class=\"elementor-container elementor-column-gap-default\">\n\t\t\t\t\t<div class=\"elementor-column elementor-col-50 elementor-top-column elementor-element elementor-element-40e58ba\" data-id=\"40e58ba\" data-element_type=\"column\" data-e-type=\"column\">\n\t\t\t<div class=\"elementor-widget-wrap elementor-element-populated\">\n\t\t\t\t\t\t\t<\/div>\n\t\t<\/div>\n\t\t\t\t<div class=\"elementor-column elementor-col-50 elementor-top-column elementor-element elementor-element-1928715\" data-id=\"1928715\" data-element_type=\"column\" data-e-type=\"column\">\n\t\t\t<div class=\"elementor-widget-wrap\">\n\t\t\t\t\t\t\t<\/div>\n\t\t<\/div>\n\t\t\t\t\t<\/div>\n\t\t<\/section>\n\t\t\t\t<section class=\"elementor-section elementor-top-section elementor-element elementor-element-0f41d2e elementor-section-boxed elementor-section-height-default elementor-section-height-default\" data-id=\"0f41d2e\" data-element_type=\"section\" data-e-type=\"section\">\n\t\t\t\t\t\t<div class=\"elementor-container elementor-column-gap-default\">\n\t\t\t\t\t<div class=\"elementor-column elementor-col-100 elementor-top-column elementor-element elementor-element-c670de9\" data-id=\"c670de9\" data-element_type=\"column\" data-e-type=\"column\">\n\t\t\t<div class=\"elementor-widget-wrap elementor-element-populated\">\n\t\t\t\t\t\t<div class=\"elementor-element elementor-element-0819d38 elementor-widget elementor-widget-heading\" data-id=\"0819d38\" data-element_type=\"widget\" data-e-type=\"widget\" data-widget_type=\"heading.default\">\n\t\t\t\t<div class=\"elementor-widget-container\">\n\t\t\t\t\t<h2 class=\"elementor-heading-title elementor-size-default\">CERTIFICADO DE EFICIENCIA ENERG\u00c9TICA (CEE) \n<\/h2>\t\t\t\t<\/div>\n\t\t\t\t<\/div>\n\t\t\t\t<div class=\"elementor-element elementor-element-31f081c elementor-widget elementor-widget-text-editor\" data-id=\"31f081c\" data-element_type=\"widget\" data-e-type=\"widget\" data-widget_type=\"text-editor.default\">\n\t\t\t\t<div class=\"elementor-widget-container\">\n\t\t\t\t\t\t\t\t\t<p class=\"p1\">\u00bfQuieres saber si un inmueble es energ\u00e9ticamente eficiente o la forma de optimizar su consumo?<\/p><p class=\"p1\">\u00bfCu\u00e1ndo se necesita un CEE?<\/p>\t\t\t\t\t\t\t\t<\/div>\n\t\t\t\t<\/div>\n\t\t\t\t\t<\/div>\n\t\t<\/div>\n\t\t\t\t\t<\/div>\n\t\t<\/section>\n\t\t\t\t<section class=\"elementor-section elementor-top-section elementor-element elementor-element-c69396d elementor-section-boxed elementor-section-height-default elementor-section-height-default\" data-id=\"c69396d\" data-element_type=\"section\" data-e-type=\"section\">\n\t\t\t\t\t\t<div class=\"elementor-container elementor-column-gap-default\">\n\t\t\t\t\t<div class=\"elementor-column elementor-col-100 elementor-top-column elementor-element elementor-element-dc18d1f\" data-id=\"dc18d1f\" data-element_type=\"column\" data-e-type=\"column\">\n\t\t\t<div class=\"elementor-widget-wrap elementor-element-populated\">\n\t\t\t\t\t\t<div class=\"elementor-element elementor-element-edc5abe elementor-invisible elementor-widget elementor-widget-heading\" data-id=\"edc5abe\" data-element_type=\"widget\" data-e-type=\"widget\" data-settings=\"{&quot;_animation&quot;:&quot;slideInLeft&quot;}\" data-widget_type=\"heading.default\">\n\t\t\t\t<div class=\"elementor-widget-container\">\n\t\t\t\t\t<h2 class=\"elementor-heading-title elementor-size-default\">Venta o alquiler \n<\/h2>\t\t\t\t<\/div>\n\t\t\t\t<\/div>\n\t\t\t\t<div class=\"elementor-element elementor-element-e93a065 elementor-invisible elementor-widget elementor-widget-heading\" data-id=\"e93a065\" data-element_type=\"widget\" data-e-type=\"widget\" data-settings=\"{&quot;_animation&quot;:&quot;slideInRight&quot;}\" data-widget_type=\"heading.default\">\n\t\t\t\t<div class=\"elementor-widget-container\">\n\t\t\t\t\t<h2 class=\"elementor-heading-title elementor-size-default\">Para reducir el consumo \n<\/h2>\t\t\t\t<\/div>\n\t\t\t\t<\/div>\n\t\t\t\t<div class=\"elementor-element elementor-element-0d750a0 elementor-invisible elementor-widget elementor-widget-heading\" data-id=\"0d750a0\" data-element_type=\"widget\" data-e-type=\"widget\" data-settings=\"{&quot;_animation&quot;:&quot;slideInLeft&quot;}\" data-widget_type=\"heading.default\">\n\t\t\t\t<div class=\"elementor-widget-container\">\n\t\t\t\t\t<h2 class=\"elementor-heading-title elementor-size-default\">Para tramitar subvenciones posteriores a reformas\n<\/h2>\t\t\t\t<\/div>\n\t\t\t\t<\/div>\n\t\t\t\t<div class=\"elementor-element elementor-element-20a5f60 elementor-invisible elementor-widget elementor-widget-heading\" data-id=\"20a5f60\" data-element_type=\"widget\" data-e-type=\"widget\" data-settings=\"{&quot;_animation&quot;:&quot;slideInRight&quot;}\" data-widget_type=\"heading.default\">\n\t\t\t\t<div class=\"elementor-widget-container\">\n\t\t\t\t\t<h2 class=\"elementor-heading-title elementor-size-default\">Si el certificado energ\u00e9tico tiene m\u00e1s de 10 a\u00f1os\n<\/h2>\t\t\t\t<\/div>\n\t\t\t\t<\/div>\n\t\t\t\t<div class=\"elementor-element elementor-element-5138427 elementor-invisible elementor-widget elementor-widget-text-editor\" data-id=\"5138427\" data-element_type=\"widget\" data-e-type=\"widget\" data-settings=\"{&quot;_animation&quot;:&quot;fadeIn&quot;}\" data-widget_type=\"text-editor.default\">\n\t\t\t\t<div class=\"elementor-widget-container\">\n\t\t\t\t\t\t\t\t\t<p class=\"p1\">Desde el 1 de junio de 2013, es de obligado cumplimiento tener a disposici\u00f3n de los compradores y\/o arrendatarios, el Certificado de Eficiencia Energ\u00e9tica de la totalidad o parte de un edificio, seg\u00fan corresponda, siendo exigible para los contratos de compraventa o arrendamiento.<\/p><p class=\"p3\">La construcci\u00f3n o la reforma de un edificio siempre genera un impacto en el medioambiente, lo que ha motivado el promover las acreditaciones que califiquen dicho impacto. Los dict\u00e1menes hacen posible conocer los consumos y las emisiones de CO\u00b2 que se emiten a la atm\u00f3sfera. Tambi\u00e9n, la etiqueta energ\u00e9tica permite a los propietarios promover un mejor uso de la energ\u00eda y encontrar f\u00f3rmulas de ahorro que ayuden al planeta e impulsen la sostenibilidad.<b> <\/b><\/p><p class=\"p1\">La obtenci\u00f3n\u00a0del certificado de eficiencia energ\u00e9tica da el derecho de uso de la etiqueta de eficiencia energ\u00e9tica, durante el periodo de validez, y estar\u00e1 disponible en el Registro general.<\/p><p class=\"p1\">La etiqueta se debe incluir en toda oferta, promoci\u00f3n y publicidad dirigida a la venta o arrendamiento del edificio o unidad del mismo. Deber\u00e1 figurar siempre en la etiqueta, de forma clara e inequ\u00edvoca, si se refiere al certificado de eficiencia energ\u00e9tica del proyecto o al del edificio terminado.<\/p>\t\t\t\t\t\t\t\t<\/div>\n\t\t\t\t<\/div>\n\t\t\t\t<div data-ep-wrapper-link=\"{&quot;url&quot;:&quot;https:\\\/\\\/grupourdaibai.com\\\/contacto\\\/&quot;,&quot;is_external&quot;:&quot;&quot;,&quot;nofollow&quot;:&quot;&quot;,&quot;custom_attributes&quot;:&quot;&quot;}\" style=\"cursor: pointer\" class=\"bdt-element-link elementor-element elementor-element-23601c9 elementor-invisible elementor-widget elementor-widget-text-editor\" data-id=\"23601c9\" data-element_type=\"widget\" data-e-type=\"widget\" data-settings=\"{&quot;_animation&quot;:&quot;fadeIn&quot;}\" data-widget_type=\"text-editor.default\">\n\t\t\t\t<div class=\"elementor-widget-container\">\n\t\t\t\t\t\t\t\t\t<p class=\"p1\">Tramitamos tu Certificado de Eficiencia Energ\u00e9tica<\/p>\t\t\t\t\t\t\t\t<\/div>\n\t\t\t\t<\/div>\n\t\t\t\t<div class=\"elementor-element elementor-element-33c67e5 elementor-widget elementor-widget-image\" data-id=\"33c67e5\" data-element_type=\"widget\" data-e-type=\"widget\" data-widget_type=\"image.default\">\n\t\t\t\t<div class=\"elementor-widget-container\">\n\t\t\t\t\t\t\t\t\t\t\t\t\t\t\t\t<a href=\"https:\/\/grupourdaibai.com\/eu\/contacto\/\">\n\t\t\t\t\t\t\t<img fetchpriority=\"high\" decoding=\"async\" width=\"600\" height=\"522\" src=\"https:\/\/grupourdaibai.com\/wp-content\/uploads\/2023\/07\/pngegg.png\" class=\"attachment-large size-large wp-image-422\" alt=\"\" srcset=\"https:\/\/grupourdaibai.com\/wp-content\/uploads\/2023\/07\/pngegg.png 600w, https:\/\/grupourdaibai.com\/wp-content\/uploads\/2023\/07\/pngegg-300x261.png 300w\" sizes=\"(max-width: 600px) 100vw, 600px\" \/>\t\t\t\t\t\t\t\t<\/a>\n\t\t\t\t\t\t\t\t\t\t\t\t\t\t\t<\/div>\n\t\t\t\t<\/div>\n\t\t\t\t\t<\/div>\n\t\t<\/div>\n\t\t\t\t\t<\/div>\n\t\t<\/section>\n\t\t\t\t<\/div>","protected":false},"excerpt":{"rendered":"<p>CERTIFICADO DE EFICIENCIA ENERG\u00c9TICA (CEE) \u00bfQuieres saber si un inmueble es energ\u00e9ticamente eficiente o la forma de optimizar su consumo? \u00bfCu\u00e1ndo se necesita un CEE? Venta o alquiler Para reducir el consumo Para tramitar subvenciones posteriores a reformas Si el certificado energ\u00e9tico tiene m\u00e1s de 10 a\u00f1os Desde el 1 de junio de 2013, es [&hellip;]<\/p>\n","protected":false},"author":1,"featured_media":0,"parent":0,"menu_order":0,"comment_status":"closed","ping_status":"closed","template":"elementor_canvas","meta":{"footnotes":""},"class_list":["post-688","page","type-page","status-publish","hentry"],"yoast_head":"<!-- This site is optimized with the Yoast SEO plugin v27.5 - https:\/\/yoast.com\/product\/yoast-seo-wordpress\/ -->\n<title>CERTIFICADO DE EFICIENCIA ENERGETICA - Grupo Urdaibai<\/title>\n<meta name=\"robots\" content=\"index, follow, max-snippet:-1, max-image-preview:large, max-video-preview:-1\" \/>\n<link rel=\"canonical\" href=\"https:\/\/grupourdaibai.com\/eu\/certificado-de-eficiencia-energetica\/\" \/>\n<meta property=\"og:locale\" content=\"en_US\" \/>\n<meta property=\"og:type\" content=\"article\" \/>\n<meta property=\"og:title\" content=\"CERTIFICADO DE EFICIENCIA ENERGETICA - Grupo Urdaibai\" \/>\n<meta property=\"og:description\" content=\"CERTIFICADO DE EFICIENCIA ENERG\u00c9TICA (CEE) \u00bfQuieres saber si un inmueble es energ\u00e9ticamente eficiente o la forma de optimizar su consumo? \u00bfCu\u00e1ndo se necesita un CEE? Venta o alquiler Para reducir el consumo Para tramitar subvenciones posteriores a reformas Si el certificado energ\u00e9tico tiene m\u00e1s de 10 a\u00f1os Desde el 1 de junio de 2013, es [&hellip;]\" \/>\n<meta property=\"og:url\" content=\"https:\/\/grupourdaibai.com\/eu\/certificado-de-eficiencia-energetica\/\" \/>\n<meta property=\"og:site_name\" content=\"Grupo Urdaibai\" \/>\n<meta property=\"article:modified_time\" content=\"2023-08-10T15:35:10+00:00\" \/>\n<meta property=\"og:image\" content=\"https:\/\/grupourdaibai.com\/wp-content\/uploads\/2023\/07\/pngegg.png\" \/>\n<meta name=\"twitter:card\" content=\"summary_large_image\" \/>\n<meta name=\"twitter:label1\" content=\"Est. reading time\" \/>\n\t<meta name=\"twitter:data1\" content=\"2 minutua\" \/>\n<script type=\"application\/ld+json\" class=\"yoast-schema-graph\">{\"@context\":\"https:\\\/\\\/schema.org\",\"@graph\":[{\"@type\":\"WebPage\",\"@id\":\"https:\\\/\\\/grupourdaibai.com\\\/certificado-de-eficiencia-energetica\\\/\",\"url\":\"https:\\\/\\\/grupourdaibai.com\\\/certificado-de-eficiencia-energetica\\\/\",\"name\":\"CERTIFICADO DE EFICIENCIA ENERGETICA - Grupo Urdaibai\",\"isPartOf\":{\"@id\":\"https:\\\/\\\/grupourdaibai.com\\\/#website\"},\"primaryImageOfPage\":{\"@id\":\"https:\\\/\\\/grupourdaibai.com\\\/certificado-de-eficiencia-energetica\\\/#primaryimage\"},\"image\":{\"@id\":\"https:\\\/\\\/grupourdaibai.com\\\/certificado-de-eficiencia-energetica\\\/#primaryimage\"},\"thumbnailUrl\":\"https:\\\/\\\/grupourdaibai.com\\\/wp-content\\\/uploads\\\/2023\\\/07\\\/pngegg.png\",\"datePublished\":\"2023-08-09T21:12:35+00:00\",\"dateModified\":\"2023-08-10T15:35:10+00:00\",\"breadcrumb\":{\"@id\":\"https:\\\/\\\/grupourdaibai.com\\\/certificado-de-eficiencia-energetica\\\/#breadcrumb\"},\"inLanguage\":\"eu\",\"potentialAction\":[{\"@type\":\"ReadAction\",\"target\":[\"https:\\\/\\\/grupourdaibai.com\\\/certificado-de-eficiencia-energetica\\\/\"]}]},{\"@type\":\"ImageObject\",\"inLanguage\":\"eu\",\"@id\":\"https:\\\/\\\/grupourdaibai.com\\\/certificado-de-eficiencia-energetica\\\/#primaryimage\",\"url\":\"https:\\\/\\\/grupourdaibai.com\\\/wp-content\\\/uploads\\\/2023\\\/07\\\/pngegg.png\",\"contentUrl\":\"https:\\\/\\\/grupourdaibai.com\\\/wp-content\\\/uploads\\\/2023\\\/07\\\/pngegg.png\"},{\"@type\":\"BreadcrumbList\",\"@id\":\"https:\\\/\\\/grupourdaibai.com\\\/certificado-de-eficiencia-energetica\\\/#breadcrumb\",\"itemListElement\":[{\"@type\":\"ListItem\",\"position\":1,\"name\":\"Portada\",\"item\":\"https:\\\/\\\/grupourdaibai.com\\\/\"},{\"@type\":\"ListItem\",\"position\":2,\"name\":\"CERTIFICADO DE EFICIENCIA ENERGETICA\"}]},{\"@type\":\"WebSite\",\"@id\":\"https:\\\/\\\/grupourdaibai.com\\\/#website\",\"url\":\"https:\\\/\\\/grupourdaibai.com\\\/\",\"name\":\"Grupo Urdaibai\",\"description\":\"Consultor\u00eda inmobiliaria\",\"publisher\":{\"@id\":\"https:\\\/\\\/grupourdaibai.com\\\/#organization\"},\"potentialAction\":[{\"@type\":\"SearchAction\",\"target\":{\"@type\":\"EntryPoint\",\"urlTemplate\":\"https:\\\/\\\/grupourdaibai.com\\\/?s={search_term_string}\"},\"query-input\":{\"@type\":\"PropertyValueSpecification\",\"valueRequired\":true,\"valueName\":\"search_term_string\"}}],\"inLanguage\":\"eu\"},{\"@type\":\"Organization\",\"@id\":\"https:\\\/\\\/grupourdaibai.com\\\/#organization\",\"name\":\"Grupo Urdaibai\",\"url\":\"https:\\\/\\\/grupourdaibai.com\\\/\",\"logo\":{\"@type\":\"ImageObject\",\"inLanguage\":\"eu\",\"@id\":\"https:\\\/\\\/grupourdaibai.com\\\/#\\\/schema\\\/logo\\\/image\\\/\",\"url\":\"https:\\\/\\\/grupourdaibai.com\\\/wp-content\\\/uploads\\\/2023\\\/07\\\/cropped-logo-OVALO-URDAIBAI-01.png\",\"contentUrl\":\"https:\\\/\\\/grupourdaibai.com\\\/wp-content\\\/uploads\\\/2023\\\/07\\\/cropped-logo-OVALO-URDAIBAI-01.png\",\"width\":815,\"height\":349,\"caption\":\"Grupo Urdaibai\"},\"image\":{\"@id\":\"https:\\\/\\\/grupourdaibai.com\\\/#\\\/schema\\\/logo\\\/image\\\/\"}}]}<\/script>\n<!-- \/ Yoast SEO plugin. -->","yoast_head_json":{"title":"CERTIFICADO DE EFICIENCIA ENERGETICA - Grupo Urdaibai","robots":{"index":"index","follow":"follow","max-snippet":"max-snippet:-1","max-image-preview":"max-image-preview:large","max-video-preview":"max-video-preview:-1"},"canonical":"https:\/\/grupourdaibai.com\/eu\/certificado-de-eficiencia-energetica\/","og_locale":"en_US","og_type":"article","og_title":"CERTIFICADO DE EFICIENCIA ENERGETICA - Grupo Urdaibai","og_description":"CERTIFICADO DE EFICIENCIA ENERG\u00c9TICA (CEE) \u00bfQuieres saber si un inmueble es energ\u00e9ticamente eficiente o la forma de optimizar su consumo? \u00bfCu\u00e1ndo se necesita un CEE? Venta o alquiler Para reducir el consumo Para tramitar subvenciones posteriores a reformas Si el certificado energ\u00e9tico tiene m\u00e1s de 10 a\u00f1os Desde el 1 de junio de 2013, es [&hellip;]","og_url":"https:\/\/grupourdaibai.com\/eu\/certificado-de-eficiencia-energetica\/","og_site_name":"Grupo Urdaibai","article_modified_time":"2023-08-10T15:35:10+00:00","og_image":[{"url":"https:\/\/grupourdaibai.com\/wp-content\/uploads\/2023\/07\/pngegg.png","type":"","width":"","height":""}],"twitter_card":"summary_large_image","twitter_misc":{"Est. reading time":"2 minutua"},"schema":{"@context":"https:\/\/schema.org","@graph":[{"@type":"WebPage","@id":"https:\/\/grupourdaibai.com\/certificado-de-eficiencia-energetica\/","url":"https:\/\/grupourdaibai.com\/certificado-de-eficiencia-energetica\/","name":"CERTIFICADO DE EFICIENCIA ENERGETICA - Grupo Urdaibai","isPartOf":{"@id":"https:\/\/grupourdaibai.com\/#website"},"primaryImageOfPage":{"@id":"https:\/\/grupourdaibai.com\/certificado-de-eficiencia-energetica\/#primaryimage"},"image":{"@id":"https:\/\/grupourdaibai.com\/certificado-de-eficiencia-energetica\/#primaryimage"},"thumbnailUrl":"https:\/\/grupourdaibai.com\/wp-content\/uploads\/2023\/07\/pngegg.png","datePublished":"2023-08-09T21:12:35+00:00","dateModified":"2023-08-10T15:35:10+00:00","breadcrumb":{"@id":"https:\/\/grupourdaibai.com\/certificado-de-eficiencia-energetica\/#breadcrumb"},"inLanguage":"eu","potentialAction":[{"@type":"ReadAction","target":["https:\/\/grupourdaibai.com\/certificado-de-eficiencia-energetica\/"]}]},{"@type":"ImageObject","inLanguage":"eu","@id":"https:\/\/grupourdaibai.com\/certificado-de-eficiencia-energetica\/#primaryimage","url":"https:\/\/grupourdaibai.com\/wp-content\/uploads\/2023\/07\/pngegg.png","contentUrl":"https:\/\/grupourdaibai.com\/wp-content\/uploads\/2023\/07\/pngegg.png"},{"@type":"BreadcrumbList","@id":"https:\/\/grupourdaibai.com\/certificado-de-eficiencia-energetica\/#breadcrumb","itemListElement":[{"@type":"ListItem","position":1,"name":"Portada","item":"https:\/\/grupourdaibai.com\/"},{"@type":"ListItem","position":2,"name":"CERTIFICADO DE EFICIENCIA ENERGETICA"}]},{"@type":"WebSite","@id":"https:\/\/grupourdaibai.com\/#website","url":"https:\/\/grupourdaibai.com\/","name":"Urdaibai taldea","description":"Consultor\u00eda inmobiliaria","publisher":{"@id":"https:\/\/grupourdaibai.com\/#organization"},"potentialAction":[{"@type":"SearchAction","target":{"@type":"EntryPoint","urlTemplate":"https:\/\/grupourdaibai.com\/?s={search_term_string}"},"query-input":{"@type":"PropertyValueSpecification","valueRequired":true,"valueName":"search_term_string"}}],"inLanguage":"eu"},{"@type":"Organization","@id":"https:\/\/grupourdaibai.com\/#organization","name":"Urdaibai taldea","url":"https:\/\/grupourdaibai.com\/","logo":{"@type":"ImageObject","inLanguage":"eu","@id":"https:\/\/grupourdaibai.com\/#\/schema\/logo\/image\/","url":"https:\/\/grupourdaibai.com\/wp-content\/uploads\/2023\/07\/cropped-logo-OVALO-URDAIBAI-01.png","contentUrl":"https:\/\/grupourdaibai.com\/wp-content\/uploads\/2023\/07\/cropped-logo-OVALO-URDAIBAI-01.png","width":815,"height":349,"caption":"Grupo Urdaibai"},"image":{"@id":"https:\/\/grupourdaibai.com\/#\/schema\/logo\/image\/"}}]}},"_links":{"self":[{"href":"https:\/\/grupourdaibai.com\/eu\/wp-json\/wp\/v2\/pages\/688","targetHints":{"allow":["GET"]}}],"collection":[{"href":"https:\/\/grupourdaibai.com\/eu\/wp-json\/wp\/v2\/pages"}],"about":[{"href":"https:\/\/grupourdaibai.com\/eu\/wp-json\/wp\/v2\/types\/page"}],"author":[{"embeddable":true,"href":"https:\/\/grupourdaibai.com\/eu\/wp-json\/wp\/v2\/users\/1"}],"replies":[{"embeddable":true,"href":"https:\/\/grupourdaibai.com\/eu\/wp-json\/wp\/v2\/comments?post=688"}],"version-history":[{"count":10,"href":"https:\/\/grupourdaibai.com\/eu\/wp-json\/wp\/v2\/pages\/688\/revisions"}],"predecessor-version":[{"id":845,"href":"https:\/\/grupourdaibai.com\/eu\/wp-json\/wp\/v2\/pages\/688\/revisions\/845"}],"wp:attachment":[{"href":"https:\/\/grupourdaibai.com\/eu\/wp-json\/wp\/v2\/media?parent=688"}],"curies":[{"name":"wp","href":"https:\/\/api.w.org\/{rel}","templated":true}]}}