{"id":687,"date":"2023-08-09T21:12:31","date_gmt":"2023-08-09T21:12:31","guid":{"rendered":"https:\/\/web.rkinformatika.net\/ur\/?page_id=687"},"modified":"2023-10-04T14:26:31","modified_gmt":"2023-10-04T14:26:31","slug":"topografia","status":"publish","type":"page","link":"https:\/\/grupourdaibai.com\/eu\/topografia\/","title":{"rendered":"TOPOGRAFIA"},"content":{"rendered":"\t\t<div data-elementor-type=\"wp-page\" data-elementor-id=\"687\" class=\"elementor elementor-687\" data-elementor-post-type=\"page\">\n\t\t\t\t\t\t<section class=\"elementor-section elementor-top-section elementor-element elementor-element-288bb9f elementor-section-boxed elementor-section-height-default elementor-section-height-default elementor-invisible\" data-id=\"288bb9f\" data-element_type=\"section\" data-e-type=\"section\" data-settings=\"{&quot;background_background&quot;:&quot;classic&quot;,&quot;animation&quot;:&quot;fadeIn&quot;}\">\n\t\t\t\t\t\t\t<div class=\"elementor-background-overlay\"><\/div>\n\t\t\t\t\t\t\t<div class=\"elementor-container elementor-column-gap-default\">\n\t\t\t\t\t<div class=\"elementor-column elementor-col-50 elementor-top-column elementor-element elementor-element-40e58ba\" data-id=\"40e58ba\" data-element_type=\"column\" data-e-type=\"column\">\n\t\t\t<div class=\"elementor-widget-wrap elementor-element-populated\">\n\t\t\t\t\t\t\t<\/div>\n\t\t<\/div>\n\t\t\t\t<div class=\"elementor-column elementor-col-50 elementor-top-column elementor-element elementor-element-1928715\" data-id=\"1928715\" data-element_type=\"column\" data-e-type=\"column\">\n\t\t\t<div class=\"elementor-widget-wrap\">\n\t\t\t\t\t\t\t<\/div>\n\t\t<\/div>\n\t\t\t\t\t<\/div>\n\t\t<\/section>\n\t\t\t\t<section class=\"elementor-section elementor-top-section elementor-element elementor-element-21455fe elementor-section-boxed elementor-section-height-default elementor-section-height-default\" data-id=\"21455fe\" data-element_type=\"section\" data-e-type=\"section\">\n\t\t\t\t\t\t<div class=\"elementor-container elementor-column-gap-default\">\n\t\t\t\t\t<div class=\"elementor-column elementor-col-100 elementor-top-column elementor-element elementor-element-3dfbb39\" data-id=\"3dfbb39\" data-element_type=\"column\" data-e-type=\"column\">\n\t\t\t<div class=\"elementor-widget-wrap elementor-element-populated\">\n\t\t\t\t\t\t<div class=\"elementor-element elementor-element-8ee28b2 elementor-widget elementor-widget-heading\" data-id=\"8ee28b2\" data-element_type=\"widget\" data-e-type=\"widget\" data-widget_type=\"heading.default\">\n\t\t\t\t<div class=\"elementor-widget-container\">\n\t\t\t\t\t<h2 class=\"elementor-heading-title elementor-size-default\">TOPOGRAF\u00cdA<\/h2>\t\t\t\t<\/div>\n\t\t\t\t<\/div>\n\t\t\t\t<div class=\"elementor-element elementor-element-e88afdc elementor-widget elementor-widget-text-editor\" data-id=\"e88afdc\" data-element_type=\"widget\" data-e-type=\"widget\" data-widget_type=\"text-editor.default\">\n\t\t\t\t<div class=\"elementor-widget-container\">\n\t\t\t\t\t\t\t\t\t<p><a href=\"https:\/\/grupourdaibai.com\/contacto\/\">Haz clic aqu\u00ed&#8230;<\/a><\/p>\t\t\t\t\t\t\t\t<\/div>\n\t\t\t\t<\/div>\n\t\t\t\t\t<\/div>\n\t\t<\/div>\n\t\t\t\t\t<\/div>\n\t\t<\/section>\n\t\t\t\t<section class=\"elementor-section elementor-top-section elementor-element elementor-element-2e081fa elementor-section-boxed elementor-section-height-default elementor-section-height-default\" data-id=\"2e081fa\" data-element_type=\"section\" data-e-type=\"section\">\n\t\t\t\t\t\t<div class=\"elementor-container elementor-column-gap-default\">\n\t\t\t\t\t<div class=\"elementor-column elementor-col-50 elementor-top-column elementor-element elementor-element-c864ccf\" data-id=\"c864ccf\" data-element_type=\"column\" data-e-type=\"column\" data-settings=\"{&quot;background_background&quot;:&quot;slideshow&quot;,&quot;background_slideshow_gallery&quot;:[{&quot;id&quot;:417,&quot;url&quot;:&quot;https:\\\/\\\/grupourdaibai.com\\\/wp-content\\\/uploads\\\/2023\\\/07\\\/Sin-titulo-1b.jpg&quot;}],&quot;background_slideshow_loop&quot;:&quot;yes&quot;,&quot;background_slideshow_slide_duration&quot;:5000,&quot;background_slideshow_slide_transition&quot;:&quot;fade&quot;,&quot;background_slideshow_transition_duration&quot;:500}\">\n\t\t\t<div class=\"elementor-widget-wrap elementor-element-populated\">\n\t\t\t\t\t\t<div class=\"elementor-element elementor-element-05c45dc elementor-widget elementor-widget-spacer\" data-id=\"05c45dc\" data-element_type=\"widget\" data-e-type=\"widget\" data-widget_type=\"spacer.default\">\n\t\t\t\t<div class=\"elementor-widget-container\">\n\t\t\t\t\t\t\t<div class=\"elementor-spacer\">\n\t\t\t<div class=\"elementor-spacer-inner\"><\/div>\n\t\t<\/div>\n\t\t\t\t\t\t<\/div>\n\t\t\t\t<\/div>\n\t\t\t\t\t<\/div>\n\t\t<\/div>\n\t\t\t\t<div class=\"elementor-column elementor-col-50 elementor-top-column elementor-element elementor-element-9fa964a\" data-id=\"9fa964a\" data-element_type=\"column\" data-e-type=\"column\">\n\t\t\t<div class=\"elementor-widget-wrap elementor-element-populated\">\n\t\t\t\t\t\t<div class=\"elementor-element elementor-element-c7b1aab elementor-widget__width-initial elementor-list-item-link-full_width elementor-widget elementor-widget-icon-list\" data-id=\"c7b1aab\" data-element_type=\"widget\" data-e-type=\"widget\" data-widget_type=\"icon-list.default\">\n\t\t\t\t<div class=\"elementor-widget-container\">\n\t\t\t\t\t\t\t<ul class=\"elementor-icon-list-items\">\n\t\t\t\t\t\t\t<li class=\"elementor-icon-list-item\">\n\t\t\t\t\t\t\t\t\t\t\t<span class=\"elementor-icon-list-icon\">\n\t\t\t\t\t\t\t<i aria-hidden=\"true\" class=\"fas fa-map-pin\"><\/i>\t\t\t\t\t\t<\/span>\n\t\t\t\t\t\t\t\t\t\t<span class=\"elementor-icon-list-text\">Gesti\u00f3n de la propiedad: Deslindes y amojonamientos. Parcelarios. Subsanaciones catastrales. Georreferenciaciones para Registro de la Propiedad, Reparcelaciones, segregaciones, agrupaciones, etc..<\/span>\n\t\t\t\t\t\t\t\t\t<\/li>\n\t\t\t\t\t\t\t\t<li class=\"elementor-icon-list-item\">\n\t\t\t\t\t\t\t\t\t\t\t<span class=\"elementor-icon-list-icon\">\n\t\t\t\t\t\t\t<i aria-hidden=\"true\" class=\"fas fa-map-pin\"><\/i>\t\t\t\t\t\t<\/span>\n\t\t\t\t\t\t\t\t\t\t<span class=\"elementor-icon-list-text\">Obra civil\/industrial: Replanteos, Actas de replanteo, Cubicaciones. Soporte t\u00e9cnico y seguimiento de los procesos de la obra. Delineaci\u00f3n de planos. Informes finales de obra.<\/span>\n\t\t\t\t\t\t\t\t\t<\/li>\n\t\t\t\t\t\t\t\t<li class=\"elementor-icon-list-item\">\n\t\t\t\t\t\t\t\t\t\t\t<span class=\"elementor-icon-list-icon\">\n\t\t\t\t\t\t\t<i aria-hidden=\"true\" class=\"fas fa-map-pin\"><\/i>\t\t\t\t\t\t<\/span>\n\t\t\t\t\t\t\t\t\t\t<span class=\"elementor-icon-list-text\">Levantamientos topogr\u00e1ficos tanto de terrenos r\u00fasticos como de zonas urbanas. Topograf\u00eda cl\u00e1sica o GPS.<\/span>\n\t\t\t\t\t\t\t\t\t<\/li>\n\t\t\t\t\t\t\t\t<li class=\"elementor-icon-list-item\">\n\t\t\t\t\t\t\t\t\t\t\t<span class=\"elementor-icon-list-icon\">\n\t\t\t\t\t\t\t<i aria-hidden=\"true\" class=\"fas fa-map-pin\"><\/i>\t\t\t\t\t\t<\/span>\n\t\t\t\t\t\t\t\t\t\t<span class=\"elementor-icon-list-text\">Inventariado de redes de servicios.<\/span>\n\t\t\t\t\t\t\t\t\t<\/li>\n\t\t\t\t\t\t\t\t<li class=\"elementor-icon-list-item\">\n\t\t\t\t\t\t\t\t\t\t\t<span class=\"elementor-icon-list-icon\">\n\t\t\t\t\t\t\t<i aria-hidden=\"true\" class=\"fas fa-map-pin\"><\/i>\t\t\t\t\t\t<\/span>\n\t\t\t\t\t\t\t\t\t\t<span class=\"elementor-icon-list-text\">Mediciones para c\u00e1lculos de vol\u00famenes.<\/span>\n\t\t\t\t\t\t\t\t\t<\/li>\n\t\t\t\t\t\t\t\t<li class=\"elementor-icon-list-item\">\n\t\t\t\t\t\t\t\t\t\t\t<span class=\"elementor-icon-list-icon\">\n\t\t\t\t\t\t\t<i aria-hidden=\"true\" class=\"fas fa-map-pin\"><\/i>\t\t\t\t\t\t<\/span>\n\t\t\t\t\t\t\t\t\t\t<span class=\"elementor-icon-list-text\">Informes periciales.<\/span>\n\t\t\t\t\t\t\t\t\t<\/li>\n\t\t\t\t\t\t<\/ul>\n\t\t\t\t\t\t<\/div>\n\t\t\t\t<\/div>\n\t\t\t\t\t<\/div>\n\t\t<\/div>\n\t\t\t\t\t<\/div>\n\t\t<\/section>\n\t\t\t\t<\/div>\n\t\t","protected":false},"excerpt":{"rendered":"<p>TOPOGRAF\u00cdA Haz clic aqu\u00ed&#8230; Gesti\u00f3n de la propiedad: Deslindes y amojonamientos. Parcelarios. Subsanaciones catastrales. Georreferenciaciones para Registro de la Propiedad, Reparcelaciones, segregaciones, agrupaciones, etc.. Obra civil\/industrial: Replanteos, Actas de replanteo, Cubicaciones. Soporte t\u00e9cnico y seguimiento de los procesos de la obra. Delineaci\u00f3n de planos. Informes finales de obra. Levantamientos topogr\u00e1ficos tanto de terrenos r\u00fasticos como [&hellip;]<\/p>\n","protected":false},"author":1,"featured_media":0,"parent":0,"menu_order":0,"comment_status":"closed","ping_status":"closed","template":"elementor_canvas","meta":{"footnotes":""},"class_list":["post-687","page","type-page","status-publish","hentry"],"yoast_head":"<!-- This site is optimized with the Yoast SEO plugin v27.5 - https:\/\/yoast.com\/product\/yoast-seo-wordpress\/ -->\n<title>TOPOGRAF\u00cdA - Grupo Urdaibai<\/title>\n<meta name=\"robots\" content=\"index, follow, max-snippet:-1, max-image-preview:large, max-video-preview:-1\" \/>\n<link rel=\"canonical\" href=\"https:\/\/grupourdaibai.com\/eu\/topografia\/\" \/>\n<meta property=\"og:locale\" content=\"en_US\" \/>\n<meta property=\"og:type\" content=\"article\" \/>\n<meta property=\"og:title\" content=\"TOPOGRAF\u00cdA - Grupo Urdaibai\" \/>\n<meta property=\"og:description\" content=\"TOPOGRAF\u00cdA Haz clic aqu\u00ed&#8230; Gesti\u00f3n de la propiedad: Deslindes y amojonamientos. Parcelarios. Subsanaciones catastrales. Georreferenciaciones para Registro de la Propiedad, Reparcelaciones, segregaciones, agrupaciones, etc.. Obra civil\/industrial: Replanteos, Actas de replanteo, Cubicaciones. Soporte t\u00e9cnico y seguimiento de los procesos de la obra. Delineaci\u00f3n de planos. Informes finales de obra. Levantamientos topogr\u00e1ficos tanto de terrenos r\u00fasticos como [&hellip;]\" \/>\n<meta property=\"og:url\" content=\"https:\/\/grupourdaibai.com\/eu\/topografia\/\" \/>\n<meta property=\"og:site_name\" content=\"Grupo Urdaibai\" \/>\n<meta property=\"article:modified_time\" content=\"2023-10-04T14:26:31+00:00\" \/>\n<meta name=\"twitter:card\" content=\"summary_large_image\" \/>\n<meta name=\"twitter:label1\" content=\"Est. reading time\" \/>\n\t<meta name=\"twitter:data1\" content=\"1 minutua\" \/>\n<script type=\"application\/ld+json\" class=\"yoast-schema-graph\">{\"@context\":\"https:\\\/\\\/schema.org\",\"@graph\":[{\"@type\":\"WebPage\",\"@id\":\"https:\\\/\\\/grupourdaibai.com\\\/topografia\\\/\",\"url\":\"https:\\\/\\\/grupourdaibai.com\\\/topografia\\\/\",\"name\":\"TOPOGRAF\u00cdA - Grupo Urdaibai\",\"isPartOf\":{\"@id\":\"https:\\\/\\\/grupourdaibai.com\\\/#website\"},\"datePublished\":\"2023-08-09T21:12:31+00:00\",\"dateModified\":\"2023-10-04T14:26:31+00:00\",\"breadcrumb\":{\"@id\":\"https:\\\/\\\/grupourdaibai.com\\\/topografia\\\/#breadcrumb\"},\"inLanguage\":\"eu\",\"potentialAction\":[{\"@type\":\"ReadAction\",\"target\":[\"https:\\\/\\\/grupourdaibai.com\\\/topografia\\\/\"]}]},{\"@type\":\"BreadcrumbList\",\"@id\":\"https:\\\/\\\/grupourdaibai.com\\\/topografia\\\/#breadcrumb\",\"itemListElement\":[{\"@type\":\"ListItem\",\"position\":1,\"name\":\"Portada\",\"item\":\"https:\\\/\\\/grupourdaibai.com\\\/\"},{\"@type\":\"ListItem\",\"position\":2,\"name\":\"TOPOGRAF\u00cdA\"}]},{\"@type\":\"WebSite\",\"@id\":\"https:\\\/\\\/grupourdaibai.com\\\/#website\",\"url\":\"https:\\\/\\\/grupourdaibai.com\\\/\",\"name\":\"Grupo Urdaibai\",\"description\":\"Consultor\u00eda inmobiliaria\",\"publisher\":{\"@id\":\"https:\\\/\\\/grupourdaibai.com\\\/#organization\"},\"potentialAction\":[{\"@type\":\"SearchAction\",\"target\":{\"@type\":\"EntryPoint\",\"urlTemplate\":\"https:\\\/\\\/grupourdaibai.com\\\/?s={search_term_string}\"},\"query-input\":{\"@type\":\"PropertyValueSpecification\",\"valueRequired\":true,\"valueName\":\"search_term_string\"}}],\"inLanguage\":\"eu\"},{\"@type\":\"Organization\",\"@id\":\"https:\\\/\\\/grupourdaibai.com\\\/#organization\",\"name\":\"Grupo Urdaibai\",\"url\":\"https:\\\/\\\/grupourdaibai.com\\\/\",\"logo\":{\"@type\":\"ImageObject\",\"inLanguage\":\"eu\",\"@id\":\"https:\\\/\\\/grupourdaibai.com\\\/#\\\/schema\\\/logo\\\/image\\\/\",\"url\":\"https:\\\/\\\/grupourdaibai.com\\\/wp-content\\\/uploads\\\/2023\\\/07\\\/cropped-logo-OVALO-URDAIBAI-01.png\",\"contentUrl\":\"https:\\\/\\\/grupourdaibai.com\\\/wp-content\\\/uploads\\\/2023\\\/07\\\/cropped-logo-OVALO-URDAIBAI-01.png\",\"width\":815,\"height\":349,\"caption\":\"Grupo Urdaibai\"},\"image\":{\"@id\":\"https:\\\/\\\/grupourdaibai.com\\\/#\\\/schema\\\/logo\\\/image\\\/\"}}]}<\/script>\n<!-- \/ Yoast SEO plugin. -->","yoast_head_json":{"title":"TOPOGRAF\u00cdA - Grupo Urdaibai","robots":{"index":"index","follow":"follow","max-snippet":"max-snippet:-1","max-image-preview":"max-image-preview:large","max-video-preview":"max-video-preview:-1"},"canonical":"https:\/\/grupourdaibai.com\/eu\/topografia\/","og_locale":"en_US","og_type":"article","og_title":"TOPOGRAF\u00cdA - Grupo Urdaibai","og_description":"TOPOGRAF\u00cdA Haz clic aqu\u00ed&#8230; Gesti\u00f3n de la propiedad: Deslindes y amojonamientos. Parcelarios. Subsanaciones catastrales. Georreferenciaciones para Registro de la Propiedad, Reparcelaciones, segregaciones, agrupaciones, etc.. Obra civil\/industrial: Replanteos, Actas de replanteo, Cubicaciones. Soporte t\u00e9cnico y seguimiento de los procesos de la obra. Delineaci\u00f3n de planos. Informes finales de obra. Levantamientos topogr\u00e1ficos tanto de terrenos r\u00fasticos como [&hellip;]","og_url":"https:\/\/grupourdaibai.com\/eu\/topografia\/","og_site_name":"Grupo Urdaibai","article_modified_time":"2023-10-04T14:26:31+00:00","twitter_card":"summary_large_image","twitter_misc":{"Est. reading time":"1 minutua"},"schema":{"@context":"https:\/\/schema.org","@graph":[{"@type":"WebPage","@id":"https:\/\/grupourdaibai.com\/topografia\/","url":"https:\/\/grupourdaibai.com\/topografia\/","name":"TOPOGRAF\u00cdA - Grupo Urdaibai","isPartOf":{"@id":"https:\/\/grupourdaibai.com\/#website"},"datePublished":"2023-08-09T21:12:31+00:00","dateModified":"2023-10-04T14:26:31+00:00","breadcrumb":{"@id":"https:\/\/grupourdaibai.com\/topografia\/#breadcrumb"},"inLanguage":"eu","potentialAction":[{"@type":"ReadAction","target":["https:\/\/grupourdaibai.com\/topografia\/"]}]},{"@type":"BreadcrumbList","@id":"https:\/\/grupourdaibai.com\/topografia\/#breadcrumb","itemListElement":[{"@type":"ListItem","position":1,"name":"Portada","item":"https:\/\/grupourdaibai.com\/"},{"@type":"ListItem","position":2,"name":"TOPOGRAF\u00cdA"}]},{"@type":"WebSite","@id":"https:\/\/grupourdaibai.com\/#website","url":"https:\/\/grupourdaibai.com\/","name":"Urdaibai taldea","description":"Consultor\u00eda inmobiliaria","publisher":{"@id":"https:\/\/grupourdaibai.com\/#organization"},"potentialAction":[{"@type":"SearchAction","target":{"@type":"EntryPoint","urlTemplate":"https:\/\/grupourdaibai.com\/?s={search_term_string}"},"query-input":{"@type":"PropertyValueSpecification","valueRequired":true,"valueName":"search_term_string"}}],"inLanguage":"eu"},{"@type":"Organization","@id":"https:\/\/grupourdaibai.com\/#organization","name":"Urdaibai taldea","url":"https:\/\/grupourdaibai.com\/","logo":{"@type":"ImageObject","inLanguage":"eu","@id":"https:\/\/grupourdaibai.com\/#\/schema\/logo\/image\/","url":"https:\/\/grupourdaibai.com\/wp-content\/uploads\/2023\/07\/cropped-logo-OVALO-URDAIBAI-01.png","contentUrl":"https:\/\/grupourdaibai.com\/wp-content\/uploads\/2023\/07\/cropped-logo-OVALO-URDAIBAI-01.png","width":815,"height":349,"caption":"Grupo Urdaibai"},"image":{"@id":"https:\/\/grupourdaibai.com\/#\/schema\/logo\/image\/"}}]}},"_links":{"self":[{"href":"https:\/\/grupourdaibai.com\/eu\/wp-json\/wp\/v2\/pages\/687","targetHints":{"allow":["GET"]}}],"collection":[{"href":"https:\/\/grupourdaibai.com\/eu\/wp-json\/wp\/v2\/pages"}],"about":[{"href":"https:\/\/grupourdaibai.com\/eu\/wp-json\/wp\/v2\/types\/page"}],"author":[{"embeddable":true,"href":"https:\/\/grupourdaibai.com\/eu\/wp-json\/wp\/v2\/users\/1"}],"replies":[{"embeddable":true,"href":"https:\/\/grupourdaibai.com\/eu\/wp-json\/wp\/v2\/comments?post=687"}],"version-history":[{"count":16,"href":"https:\/\/grupourdaibai.com\/eu\/wp-json\/wp\/v2\/pages\/687\/revisions"}],"predecessor-version":[{"id":920,"href":"https:\/\/grupourdaibai.com\/eu\/wp-json\/wp\/v2\/pages\/687\/revisions\/920"}],"wp:attachment":[{"href":"https:\/\/grupourdaibai.com\/eu\/wp-json\/wp\/v2\/media?parent=687"}],"curies":[{"name":"wp","href":"https:\/\/api.w.org\/{rel}","templated":true}]}}