{"id":2,"date":"2023-06-28T08:34:30","date_gmt":"2023-06-28T08:34:30","guid":{"rendered":"https:\/\/web.rkinformatika.net\/ur\/?page_id=2"},"modified":"2023-09-19T10:39:58","modified_gmt":"2023-09-19T10:39:58","slug":"presentacion","status":"publish","type":"page","link":"https:\/\/grupourdaibai.com\/eu\/","title":{"rendered":"Presentaci\u00f3n"},"content":{"rendered":"<div data-elementor-type=\"wp-page\" data-elementor-id=\"2\" class=\"elementor elementor-2\" data-elementor-post-type=\"page\">\n\t\t\t\t\t\t<section class=\"elementor-section elementor-top-section elementor-element elementor-element-443e0f38 elementor-section-boxed elementor-section-height-default elementor-section-height-default elementor-invisible\" data-id=\"443e0f38\" data-element_type=\"section\" data-e-type=\"section\" data-settings=\"{&quot;background_background&quot;:&quot;classic&quot;,&quot;animation&quot;:&quot;fadeIn&quot;}\">\n\t\t\t\t\t\t\t<div class=\"elementor-background-overlay\"><\/div>\n\t\t\t\t\t\t\t<div class=\"elementor-container elementor-column-gap-default\">\n\t\t\t\t\t<div class=\"elementor-column elementor-col-50 elementor-top-column elementor-element elementor-element-7ade8835\" data-id=\"7ade8835\" data-element_type=\"column\" data-e-type=\"column\">\n\t\t\t<div class=\"elementor-widget-wrap elementor-element-populated\">\n\t\t\t\t\t\t<div class=\"elementor-element elementor-element-54a014e1 elementor-widget-tablet__width-initial elementor-widget elementor-widget-heading\" data-id=\"54a014e1\" data-element_type=\"widget\" data-e-type=\"widget\" data-widget_type=\"heading.default\">\n\t\t\t\t<div class=\"elementor-widget-container\">\n\t\t\t\t\t<h1 class=\"elementor-heading-title elementor-size-default\">Urdaibai taldea<br> ZUGAN ADITUAK<br> 1989-tik<\/h1>\t\t\t\t<\/div>\n\t\t\t\t<\/div>\n\t\t\t\t\t<\/div>\n\t\t<\/div>\n\t\t\t\t<div class=\"elementor-column elementor-col-50 elementor-top-column elementor-element elementor-element-49fc9612\" data-id=\"49fc9612\" data-element_type=\"column\" data-e-type=\"column\">\n\t\t\t<div class=\"elementor-widget-wrap\">\n\t\t\t\t\t\t\t<\/div>\n\t\t<\/div>\n\t\t\t\t\t<\/div>\n\t\t<\/section>\n\t\t\t\t<section class=\"elementor-section elementor-top-section elementor-element elementor-element-467f40af elementor-reverse-tablet elementor-reverse-mobile elementor-section-boxed elementor-section-height-default elementor-section-height-default\" data-id=\"467f40af\" data-element_type=\"section\" data-e-type=\"section\" data-settings=\"{&quot;background_background&quot;:&quot;classic&quot;}\">\n\t\t\t\t\t\t<div class=\"elementor-container elementor-column-gap-no\">\n\t\t\t\t\t<div class=\"elementor-column elementor-col-50 elementor-top-column elementor-element elementor-element-5cbb6159\" data-id=\"5cbb6159\" data-element_type=\"column\" data-e-type=\"column\" data-settings=\"{&quot;background_background&quot;:&quot;classic&quot;}\">\n\t\t\t<div class=\"elementor-widget-wrap\">\n\t\t\t\t\t\t\t<\/div>\n\t\t<\/div>\n\t\t\t\t<div class=\"elementor-column elementor-col-50 elementor-top-column elementor-element elementor-element-7465b8ce elementor-invisible\" data-id=\"7465b8ce\" data-element_type=\"column\" data-e-type=\"column\" data-settings=\"{&quot;animation&quot;:&quot;fadeInRight&quot;}\">\n\t\t\t<div class=\"elementor-widget-wrap elementor-element-populated\">\n\t\t\t\t\t\t<div class=\"elementor-element elementor-element-78db5f65 elementor-widget elementor-widget-heading\" data-id=\"78db5f65\" data-element_type=\"widget\" data-e-type=\"widget\" data-widget_type=\"heading.default\">\n\t\t\t\t<div class=\"elementor-widget-container\">\n\t\t\t\t\t<h2 class=\"elementor-heading-title elementor-size-default\">Guri Buruz<\/h2>\t\t\t\t<\/div>\n\t\t\t\t<\/div>\n\t\t\t\t<div class=\"elementor-element elementor-element-426c162e elementor-widget__width-initial elementor-widget elementor-widget-text-editor\" data-id=\"426c162e\" data-element_type=\"widget\" data-e-type=\"widget\" data-widget_type=\"text-editor.default\">\n\t\t\t\t<div class=\"elementor-widget-container\">\n\t\t\t\t\t\t\t\t\t<p class=\"p1\">Urdaibai Taldea, marka patentatu eta erregistratu gisa, higiezinen sektorearen barruan sortu zen 1989an, ondoren beste segmentu batzuei estaldura emateko, bereziki Higiezinen Aholkularitzari, bere eremu guztietan.<\/p><p class=\"p1\">Hainbat sozietatek parte hartzen dute, sektorean behar diren eginkizun gehienak teknikoki eta komertzialki betetzeko.<\/p><p class=\"p1\">Prozesu horretan, aldi berean egin dira bai sustapen propioko lanak, bai beste enpresa sustatzaile batzuentzako proiektuak merkaturatzekoak, bigarren eskualdaketako higiezin-produktuak merkaturatzeaz gain. Gaur egun, arlo tekniko-komertzialetan esku hartzen du.<\/p><p class=\"p1\">Aipagarria da merkataritza-zentroak, banku-sektorea eta garapen-bidean dauden enpresetarako higiezinen erosketan Estatuan egindako lana.<\/p><p class=\"p1\">1990. urtean, Urdaibai Taldea Higiezinen arloko Adituen Elkartearen (APEI) egituran sartu zen. Elkarte horretako kide aktiboa da Estatu osoan 1.300 bulego lehiaketarekin. Gaur egun, Urdaibai Taldea APEIren Zuzendaritza Batzordeko kide da.<\/p>\t\t\t\t\t\t\t\t<\/div>\n\t\t\t\t<\/div>\n\t\t\t\t\t<\/div>\n\t\t<\/div>\n\t\t\t\t\t<\/div>\n\t\t<\/section>\n\t\t\t\t<\/div>","protected":false},"excerpt":{"rendered":"<p>Grupo Urdaibai EXPERTOS EN TI desde 1989 Sobre Nosotros Grupo Urdaibai, como marca patentada y registrada nace, en el a\u00f1o 1989, dentro del sector inmobiliario como promotora para, a continuaci\u00f3n, dar cobertura a otros segmentos, m\u00e1s concretamente a la Consultor\u00eda Inmobiliaria, en todos sus \u00e1mbitos. Cuenta con el concurso de diferentes sociedades al objeto de [&hellip;]<\/p>\n","protected":false},"author":1,"featured_media":0,"parent":0,"menu_order":0,"comment_status":"closed","ping_status":"closed","template":"elementor_canvas","meta":{"footnotes":""},"class_list":["post-2","page","type-page","status-publish","hentry"],"yoast_head":"<!-- This site is optimized with the Yoast SEO plugin v27.5 - https:\/\/yoast.com\/product\/yoast-seo-wordpress\/ -->\n<title>Presentaci\u00f3n - Grupo Urdaibai<\/title>\n<meta name=\"robots\" content=\"index, follow, max-snippet:-1, max-image-preview:large, max-video-preview:-1\" \/>\n<link rel=\"canonical\" href=\"https:\/\/grupourdaibai.com\/eu\/\" \/>\n<meta property=\"og:locale\" content=\"en_US\" \/>\n<meta property=\"og:type\" content=\"article\" \/>\n<meta property=\"og:title\" content=\"Presentaci\u00f3n - Grupo Urdaibai\" \/>\n<meta property=\"og:description\" content=\"Grupo Urdaibai EXPERTOS EN TI desde 1989 Sobre Nosotros Grupo Urdaibai, como marca patentada y registrada nace, en el a\u00f1o 1989, dentro del sector inmobiliario como promotora para, a continuaci\u00f3n, dar cobertura a otros segmentos, m\u00e1s concretamente a la Consultor\u00eda Inmobiliaria, en todos sus \u00e1mbitos. Cuenta con el concurso de diferentes sociedades al objeto de [&hellip;]\" \/>\n<meta property=\"og:url\" content=\"https:\/\/grupourdaibai.com\/eu\/\" \/>\n<meta property=\"og:site_name\" content=\"Grupo Urdaibai\" \/>\n<meta property=\"article:modified_time\" content=\"2023-09-19T10:39:58+00:00\" \/>\n<meta name=\"twitter:card\" content=\"summary_large_image\" \/>\n<meta name=\"twitter:label1\" content=\"Est. reading time\" \/>\n\t<meta name=\"twitter:data1\" content=\"1 minutua\" \/>\n<script type=\"application\/ld+json\" class=\"yoast-schema-graph\">{\"@context\":\"https:\\\/\\\/schema.org\",\"@graph\":[{\"@type\":\"WebPage\",\"@id\":\"https:\\\/\\\/grupourdaibai.com\\\/\",\"url\":\"https:\\\/\\\/grupourdaibai.com\\\/\",\"name\":\"Presentaci\u00f3n - Grupo Urdaibai\",\"isPartOf\":{\"@id\":\"https:\\\/\\\/grupourdaibai.com\\\/#website\"},\"datePublished\":\"2023-06-28T08:34:30+00:00\",\"dateModified\":\"2023-09-19T10:39:58+00:00\",\"breadcrumb\":{\"@id\":\"https:\\\/\\\/grupourdaibai.com\\\/#breadcrumb\"},\"inLanguage\":\"eu\",\"potentialAction\":[{\"@type\":\"ReadAction\",\"target\":[\"https:\\\/\\\/grupourdaibai.com\\\/\"]}]},{\"@type\":\"BreadcrumbList\",\"@id\":\"https:\\\/\\\/grupourdaibai.com\\\/#breadcrumb\",\"itemListElement\":[{\"@type\":\"ListItem\",\"position\":1,\"name\":\"Portada\",\"item\":\"https:\\\/\\\/grupourdaibai.com\\\/\"},{\"@type\":\"ListItem\",\"position\":2,\"name\":\"Presentaci\u00f3n\"}]},{\"@type\":\"WebSite\",\"@id\":\"https:\\\/\\\/grupourdaibai.com\\\/#website\",\"url\":\"https:\\\/\\\/grupourdaibai.com\\\/\",\"name\":\"Grupo Urdaibai\",\"description\":\"Consultor\u00eda inmobiliaria\",\"publisher\":{\"@id\":\"https:\\\/\\\/grupourdaibai.com\\\/#organization\"},\"potentialAction\":[{\"@type\":\"SearchAction\",\"target\":{\"@type\":\"EntryPoint\",\"urlTemplate\":\"https:\\\/\\\/grupourdaibai.com\\\/?s={search_term_string}\"},\"query-input\":{\"@type\":\"PropertyValueSpecification\",\"valueRequired\":true,\"valueName\":\"search_term_string\"}}],\"inLanguage\":\"eu\"},{\"@type\":\"Organization\",\"@id\":\"https:\\\/\\\/grupourdaibai.com\\\/#organization\",\"name\":\"Grupo Urdaibai\",\"url\":\"https:\\\/\\\/grupourdaibai.com\\\/\",\"logo\":{\"@type\":\"ImageObject\",\"inLanguage\":\"eu\",\"@id\":\"https:\\\/\\\/grupourdaibai.com\\\/#\\\/schema\\\/logo\\\/image\\\/\",\"url\":\"https:\\\/\\\/grupourdaibai.com\\\/wp-content\\\/uploads\\\/2023\\\/07\\\/cropped-logo-OVALO-URDAIBAI-01.png\",\"contentUrl\":\"https:\\\/\\\/grupourdaibai.com\\\/wp-content\\\/uploads\\\/2023\\\/07\\\/cropped-logo-OVALO-URDAIBAI-01.png\",\"width\":815,\"height\":349,\"caption\":\"Grupo Urdaibai\"},\"image\":{\"@id\":\"https:\\\/\\\/grupourdaibai.com\\\/#\\\/schema\\\/logo\\\/image\\\/\"}}]}<\/script>\n<!-- \/ Yoast SEO plugin. -->","yoast_head_json":{"title":"Presentaci\u00f3n - Grupo Urdaibai","robots":{"index":"index","follow":"follow","max-snippet":"max-snippet:-1","max-image-preview":"max-image-preview:large","max-video-preview":"max-video-preview:-1"},"canonical":"https:\/\/grupourdaibai.com\/eu\/","og_locale":"en_US","og_type":"article","og_title":"Presentaci\u00f3n - Grupo Urdaibai","og_description":"Grupo Urdaibai EXPERTOS EN TI desde 1989 Sobre Nosotros Grupo Urdaibai, como marca patentada y registrada nace, en el a\u00f1o 1989, dentro del sector inmobiliario como promotora para, a continuaci\u00f3n, dar cobertura a otros segmentos, m\u00e1s concretamente a la Consultor\u00eda Inmobiliaria, en todos sus \u00e1mbitos. Cuenta con el concurso de diferentes sociedades al objeto de [&hellip;]","og_url":"https:\/\/grupourdaibai.com\/eu\/","og_site_name":"Grupo Urdaibai","article_modified_time":"2023-09-19T10:39:58+00:00","twitter_card":"summary_large_image","twitter_misc":{"Est. reading time":"1 minutua"},"schema":{"@context":"https:\/\/schema.org","@graph":[{"@type":"WebPage","@id":"https:\/\/grupourdaibai.com\/","url":"https:\/\/grupourdaibai.com\/","name":"Presentaci\u00f3n - Grupo Urdaibai","isPartOf":{"@id":"https:\/\/grupourdaibai.com\/#website"},"datePublished":"2023-06-28T08:34:30+00:00","dateModified":"2023-09-19T10:39:58+00:00","breadcrumb":{"@id":"https:\/\/grupourdaibai.com\/#breadcrumb"},"inLanguage":"eu","potentialAction":[{"@type":"ReadAction","target":["https:\/\/grupourdaibai.com\/"]}]},{"@type":"BreadcrumbList","@id":"https:\/\/grupourdaibai.com\/#breadcrumb","itemListElement":[{"@type":"ListItem","position":1,"name":"Portada","item":"https:\/\/grupourdaibai.com\/"},{"@type":"ListItem","position":2,"name":"Presentaci\u00f3n"}]},{"@type":"WebSite","@id":"https:\/\/grupourdaibai.com\/#website","url":"https:\/\/grupourdaibai.com\/","name":"Urdaibai taldea","description":"Consultor\u00eda inmobiliaria","publisher":{"@id":"https:\/\/grupourdaibai.com\/#organization"},"potentialAction":[{"@type":"SearchAction","target":{"@type":"EntryPoint","urlTemplate":"https:\/\/grupourdaibai.com\/?s={search_term_string}"},"query-input":{"@type":"PropertyValueSpecification","valueRequired":true,"valueName":"search_term_string"}}],"inLanguage":"eu"},{"@type":"Organization","@id":"https:\/\/grupourdaibai.com\/#organization","name":"Urdaibai taldea","url":"https:\/\/grupourdaibai.com\/","logo":{"@type":"ImageObject","inLanguage":"eu","@id":"https:\/\/grupourdaibai.com\/#\/schema\/logo\/image\/","url":"https:\/\/grupourdaibai.com\/wp-content\/uploads\/2023\/07\/cropped-logo-OVALO-URDAIBAI-01.png","contentUrl":"https:\/\/grupourdaibai.com\/wp-content\/uploads\/2023\/07\/cropped-logo-OVALO-URDAIBAI-01.png","width":815,"height":349,"caption":"Grupo Urdaibai"},"image":{"@id":"https:\/\/grupourdaibai.com\/#\/schema\/logo\/image\/"}}]}},"_links":{"self":[{"href":"https:\/\/grupourdaibai.com\/eu\/wp-json\/wp\/v2\/pages\/2","targetHints":{"allow":["GET"]}}],"collection":[{"href":"https:\/\/grupourdaibai.com\/eu\/wp-json\/wp\/v2\/pages"}],"about":[{"href":"https:\/\/grupourdaibai.com\/eu\/wp-json\/wp\/v2\/types\/page"}],"author":[{"embeddable":true,"href":"https:\/\/grupourdaibai.com\/eu\/wp-json\/wp\/v2\/users\/1"}],"replies":[{"embeddable":true,"href":"https:\/\/grupourdaibai.com\/eu\/wp-json\/wp\/v2\/comments?post=2"}],"version-history":[{"count":99,"href":"https:\/\/grupourdaibai.com\/eu\/wp-json\/wp\/v2\/pages\/2\/revisions"}],"predecessor-version":[{"id":912,"href":"https:\/\/grupourdaibai.com\/eu\/wp-json\/wp\/v2\/pages\/2\/revisions\/912"}],"wp:attachment":[{"href":"https:\/\/grupourdaibai.com\/eu\/wp-json\/wp\/v2\/media?parent=2"}],"curies":[{"name":"wp","href":"https:\/\/api.w.org\/{rel}","templated":true}]}}